{"id":2141,"date":"2023-01-20T14:15:39","date_gmt":"2023-01-20T13:15:39","guid":{"rendered":"https:\/\/preprod2.digital.green\/?page_id=2141"},"modified":"2024-10-09T13:18:08","modified_gmt":"2024-10-09T11:18:08","slug":"our-history","status":"publish","type":"page","link":"https:\/\/lesdeuxmagots.fr\/en\/our-history\/","title":{"rendered":"Our history"},"content":{"rendered":"","protected":false},"excerpt":{"rendered":"","protected":false},"author":1,"featured_media":0,"parent":0,"menu_order":0,"comment_status":"closed","ping_status":"closed","template":"template\/histoire.php","meta":{"_acf_changed":false,"inline_featured_image":false,"footnotes":""},"class_list":["post-2141","page","type-page","status-publish","hentry"],"acf":[],"yoast_head":"<!-- This site is optimized with the Yoast SEO plugin v25.3.1 - https:\/\/yoast.com\/wordpress\/plugins\/seo\/ -->\n<title>Histoire du Caf\u00e9 litt\u00e9raire \u00e0 Paris : Les Deux Magots<\/title>\n<meta name=\"description\" content=\"D\u00e9couvrez sur l\u2019histoire du caf\u00e9 litt\u00e9raire \u00e0 Paris, Les Deux Magots\" \/>\n<meta name=\"robots\" content=\"index, follow, max-snippet:-1, max-image-preview:large, max-video-preview:-1\" \/>\n<link rel=\"canonical\" href=\"https:\/\/lesdeuxmagots.fr\/en\/our-history\/\" \/>\n<meta property=\"og:locale\" content=\"en_US\" \/>\n<meta property=\"og:type\" content=\"article\" \/>\n<meta property=\"og:title\" content=\"Histoire des Deux Magots\" \/>\n<meta property=\"og:description\" content=\"D\u00e9couvrez Les Deux Magots, l\u2019Art de vivre\" \/>\n<meta property=\"og:url\" content=\"https:\/\/lesdeuxmagots.fr\/en\/our-history\/\" \/>\n<meta property=\"og:site_name\" content=\"Les Deux Magots\" \/>\n<meta property=\"article:modified_time\" content=\"2024-10-09T11:18:08+00:00\" \/>\n<meta name=\"twitter:card\" content=\"summary_large_image\" \/>\n<meta name=\"twitter:title\" content=\"Histoire des Deux Magots\" \/>\n<meta name=\"twitter:description\" content=\"D\u00e9couvrez Les Deux Magots, l\u2019Art de vivre\" \/>\n<script type=\"application\/ld+json\" class=\"yoast-schema-graph\">{\"@context\":\"https:\/\/schema.org\",\"@graph\":[{\"@type\":\"WebPage\",\"@id\":\"https:\/\/lesdeuxmagots.fr\/en\/our-history\/\",\"url\":\"https:\/\/lesdeuxmagots.fr\/en\/our-history\/\",\"name\":\"Histoire du Caf\u00e9 litt\u00e9raire \u00e0 Paris : Les Deux Magots\",\"isPartOf\":{\"@id\":\"https:\/\/lesdeuxmagots.fr\/en\/#website\"},\"datePublished\":\"2023-01-20T13:15:39+00:00\",\"dateModified\":\"2024-10-09T11:18:08+00:00\",\"description\":\"D\u00e9couvrez sur l\u2019histoire du caf\u00e9 litt\u00e9raire \u00e0 Paris, Les Deux Magots\",\"breadcrumb\":{\"@id\":\"https:\/\/lesdeuxmagots.fr\/en\/our-history\/#breadcrumb\"},\"inLanguage\":\"en-US\",\"potentialAction\":[{\"@type\":\"ReadAction\",\"target\":[\"https:\/\/lesdeuxmagots.fr\/en\/our-history\/\"]}]},{\"@type\":\"BreadcrumbList\",\"@id\":\"https:\/\/lesdeuxmagots.fr\/en\/our-history\/#breadcrumb\",\"itemListElement\":[{\"@type\":\"ListItem\",\"position\":1,\"name\":\"Home\",\"item\":\"https:\/\/lesdeuxmagots.fr\/en\/\"},{\"@type\":\"ListItem\",\"position\":2,\"name\":\"Our history\"}]},{\"@type\":\"WebSite\",\"@id\":\"https:\/\/lesdeuxmagots.fr\/en\/#website\",\"url\":\"https:\/\/lesdeuxmagots.fr\/en\/\",\"name\":\"Les Deux Magots\",\"description\":\"Site officiel du caf\u00e9-restaurant Les Deux Magots\",\"potentialAction\":[{\"@type\":\"SearchAction\",\"target\":{\"@type\":\"EntryPoint\",\"urlTemplate\":\"https:\/\/lesdeuxmagots.fr\/en\/?s={search_term_string}\"},\"query-input\":{\"@type\":\"PropertyValueSpecification\",\"valueRequired\":true,\"valueName\":\"search_term_string\"}}],\"inLanguage\":\"en-US\"}]}<\/script>\n<!-- \/ Yoast SEO plugin. -->","yoast_head_json":{"title":"Histoire du Caf\u00e9 litt\u00e9raire \u00e0 Paris : Les Deux Magots","description":"D\u00e9couvrez sur l\u2019histoire du caf\u00e9 litt\u00e9raire \u00e0 Paris, Les Deux Magots","robots":{"index":"index","follow":"follow","max-snippet":"max-snippet:-1","max-image-preview":"max-image-preview:large","max-video-preview":"max-video-preview:-1"},"canonical":"https:\/\/lesdeuxmagots.fr\/en\/our-history\/","og_locale":"en_US","og_type":"article","og_title":"Histoire des Deux Magots","og_description":"D\u00e9couvrez Les Deux Magots, l\u2019Art de vivre","og_url":"https:\/\/lesdeuxmagots.fr\/en\/our-history\/","og_site_name":"Les Deux Magots","article_modified_time":"2024-10-09T11:18:08+00:00","twitter_card":"summary_large_image","twitter_title":"Histoire des Deux Magots","twitter_description":"D\u00e9couvrez Les Deux Magots, l\u2019Art de vivre","schema":{"@context":"https:\/\/schema.org","@graph":[{"@type":"WebPage","@id":"https:\/\/lesdeuxmagots.fr\/en\/our-history\/","url":"https:\/\/lesdeuxmagots.fr\/en\/our-history\/","name":"Histoire du Caf\u00e9 litt\u00e9raire \u00e0 Paris : Les Deux Magots","isPartOf":{"@id":"https:\/\/lesdeuxmagots.fr\/en\/#website"},"datePublished":"2023-01-20T13:15:39+00:00","dateModified":"2024-10-09T11:18:08+00:00","description":"D\u00e9couvrez sur l\u2019histoire du caf\u00e9 litt\u00e9raire \u00e0 Paris, Les Deux Magots","breadcrumb":{"@id":"https:\/\/lesdeuxmagots.fr\/en\/our-history\/#breadcrumb"},"inLanguage":"en-US","potentialAction":[{"@type":"ReadAction","target":["https:\/\/lesdeuxmagots.fr\/en\/our-history\/"]}]},{"@type":"BreadcrumbList","@id":"https:\/\/lesdeuxmagots.fr\/en\/our-history\/#breadcrumb","itemListElement":[{"@type":"ListItem","position":1,"name":"Home","item":"https:\/\/lesdeuxmagots.fr\/en\/"},{"@type":"ListItem","position":2,"name":"Our history"}]},{"@type":"WebSite","@id":"https:\/\/lesdeuxmagots.fr\/en\/#website","url":"https:\/\/lesdeuxmagots.fr\/en\/","name":"Les Deux Magots","description":"Site officiel du caf\u00e9-restaurant Les Deux Magots","potentialAction":[{"@type":"SearchAction","target":{"@type":"EntryPoint","urlTemplate":"https:\/\/lesdeuxmagots.fr\/en\/?s={search_term_string}"},"query-input":{"@type":"PropertyValueSpecification","valueRequired":true,"valueName":"search_term_string"}}],"inLanguage":"en-US"}]}},"_links":{"self":[{"href":"https:\/\/lesdeuxmagots.fr\/en\/wp-json\/wp\/v2\/pages\/2141","targetHints":{"allow":["GET"]}}],"collection":[{"href":"https:\/\/lesdeuxmagots.fr\/en\/wp-json\/wp\/v2\/pages"}],"about":[{"href":"https:\/\/lesdeuxmagots.fr\/en\/wp-json\/wp\/v2\/types\/page"}],"author":[{"embeddable":true,"href":"https:\/\/lesdeuxmagots.fr\/en\/wp-json\/wp\/v2\/users\/1"}],"replies":[{"embeddable":true,"href":"https:\/\/lesdeuxmagots.fr\/en\/wp-json\/wp\/v2\/comments?post=2141"}],"version-history":[{"count":39,"href":"https:\/\/lesdeuxmagots.fr\/en\/wp-json\/wp\/v2\/pages\/2141\/revisions"}],"predecessor-version":[{"id":4983,"href":"https:\/\/lesdeuxmagots.fr\/en\/wp-json\/wp\/v2\/pages\/2141\/revisions\/4983"}],"wp:attachment":[{"href":"https:\/\/lesdeuxmagots.fr\/en\/wp-json\/wp\/v2\/media?parent=2141"}],"curies":[{"name":"wp","href":"https:\/\/api.w.org\/{rel}","templated":true}]}}